{"id":104,"date":"2024-05-23T09:13:50","date_gmt":"2024-05-23T09:13:50","guid":{"rendered":"http:\/\/tingir.com.tr\/?page_id=104"},"modified":"2024-05-23T09:17:38","modified_gmt":"2024-05-23T09:17:38","slug":"zeytinyagi-uretimi","status":"publish","type":"page","link":"http:\/\/tingir.com.tr\/index.php\/zeytinyagi-uretimi\/","title":{"rendered":"Zeytinya\u011f\u0131 \u00dcretimi"},"content":{"rendered":"\n<figure class=\"wp-block-gallery has-nested-images columns-default is-cropped wp-block-gallery-1 is-layout-flex wp-block-gallery-is-layout-flex\">\n<figure class=\"wp-block-image size-large\"><img loading=\"lazy\" decoding=\"async\" width=\"768\" height=\"1024\" data-id=\"91\" src=\"http:\/\/tingir.com.tr\/wp-content\/uploads\/2024\/05\/IMG-20240523-WA0040-768x1024.jpg\" alt=\"\" class=\"wp-image-91\" srcset=\"http:\/\/tingir.com.tr\/wp-content\/uploads\/2024\/05\/IMG-20240523-WA0040-768x1024.jpg 768w, http:\/\/tingir.com.tr\/wp-content\/uploads\/2024\/05\/IMG-20240523-WA0040-225x300.jpg 225w, http:\/\/tingir.com.tr\/wp-content\/uploads\/2024\/05\/IMG-20240523-WA0040-1152x1536.jpg 1152w, http:\/\/tingir.com.tr\/wp-content\/uploads\/2024\/05\/IMG-20240523-WA0040.jpg 1200w\" sizes=\"auto, (max-width: 768px) 100vw, 768px\" \/><\/figure>\n\n\n\n<figure class=\"wp-block-image size-large\"><img loading=\"lazy\" decoding=\"async\" width=\"768\" height=\"1024\" data-id=\"88\" src=\"http:\/\/tingir.com.tr\/wp-content\/uploads\/2024\/05\/IMG-20240522-WA0011-768x1024.jpg\" alt=\"\" class=\"wp-image-88\" srcset=\"http:\/\/tingir.com.tr\/wp-content\/uploads\/2024\/05\/IMG-20240522-WA0011-768x1024.jpg 768w, http:\/\/tingir.com.tr\/wp-content\/uploads\/2024\/05\/IMG-20240522-WA0011-225x300.jpg 225w, http:\/\/tingir.com.tr\/wp-content\/uploads\/2024\/05\/IMG-20240522-WA0011-1152x1536.jpg 1152w, http:\/\/tingir.com.tr\/wp-content\/uploads\/2024\/05\/IMG-20240522-WA0011.jpg 1200w\" sizes=\"auto, (max-width: 768px) 100vw, 768px\" \/><\/figure>\n\n\n\n<figure class=\"wp-block-image size-large\"><img loading=\"lazy\" decoding=\"async\" width=\"768\" height=\"1024\" data-id=\"89\" src=\"http:\/\/tingir.com.tr\/wp-content\/uploads\/2024\/05\/IMG-20240522-WA0009-768x1024.jpg\" alt=\"\" class=\"wp-image-89\" srcset=\"http:\/\/tingir.com.tr\/wp-content\/uploads\/2024\/05\/IMG-20240522-WA0009-768x1024.jpg 768w, http:\/\/tingir.com.tr\/wp-content\/uploads\/2024\/05\/IMG-20240522-WA0009-225x300.jpg 225w, http:\/\/tingir.com.tr\/wp-content\/uploads\/2024\/05\/IMG-20240522-WA0009-1152x1536.jpg 1152w, http:\/\/tingir.com.tr\/wp-content\/uploads\/2024\/05\/IMG-20240522-WA0009.jpg 1200w\" sizes=\"auto, (max-width: 768px) 100vw, 768px\" \/><\/figure>\n\n\n\n<figure class=\"wp-block-image size-large\"><img loading=\"lazy\" decoding=\"async\" width=\"768\" height=\"1024\" data-id=\"90\" src=\"http:\/\/tingir.com.tr\/wp-content\/uploads\/2024\/05\/IMG-20240523-WA0039-768x1024.jpg\" alt=\"\" class=\"wp-image-90\" srcset=\"http:\/\/tingir.com.tr\/wp-content\/uploads\/2024\/05\/IMG-20240523-WA0039-768x1024.jpg 768w, http:\/\/tingir.com.tr\/wp-content\/uploads\/2024\/05\/IMG-20240523-WA0039-225x300.jpg 225w, http:\/\/tingir.com.tr\/wp-content\/uploads\/2024\/05\/IMG-20240523-WA0039-1152x1536.jpg 1152w, http:\/\/tingir.com.tr\/wp-content\/uploads\/2024\/05\/IMG-20240523-WA0039.jpg 1200w\" sizes=\"auto, (max-width: 768px) 100vw, 768px\" \/><\/figure>\n<\/figure>\n","protected":false},"excerpt":{"rendered":"","protected":false},"author":1,"featured_media":36,"parent":0,"menu_order":0,"comment_status":"closed","ping_status":"closed","template":"","meta":{"footnotes":""},"class_list":["post-104","page","type-page","status-publish","has-post-thumbnail","hentry"],"_links":{"self":[{"href":"http:\/\/tingir.com.tr\/index.php\/wp-json\/wp\/v2\/pages\/104","targetHints":{"allow":["GET"]}}],"collection":[{"href":"http:\/\/tingir.com.tr\/index.php\/wp-json\/wp\/v2\/pages"}],"about":[{"href":"http:\/\/tingir.com.tr\/index.php\/wp-json\/wp\/v2\/types\/page"}],"author":[{"embeddable":true,"href":"http:\/\/tingir.com.tr\/index.php\/wp-json\/wp\/v2\/users\/1"}],"replies":[{"embeddable":true,"href":"http:\/\/tingir.com.tr\/index.php\/wp-json\/wp\/v2\/comments?post=104"}],"version-history":[{"count":2,"href":"http:\/\/tingir.com.tr\/index.php\/wp-json\/wp\/v2\/pages\/104\/revisions"}],"predecessor-version":[{"id":109,"href":"http:\/\/tingir.com.tr\/index.php\/wp-json\/wp\/v2\/pages\/104\/revisions\/109"}],"wp:featuredmedia":[{"embeddable":true,"href":"http:\/\/tingir.com.tr\/index.php\/wp-json\/wp\/v2\/media\/36"}],"wp:attachment":[{"href":"http:\/\/tingir.com.tr\/index.php\/wp-json\/wp\/v2\/media?parent=104"}],"curies":[{"name":"wp","href":"https:\/\/api.w.org\/{rel}","templated":true}]}}